{"id":50,"date":"2024-06-10T11:12:01","date_gmt":"2024-06-10T14:12:01","guid":{"rendered":"https:\/\/noveltecnica.com\/?page_id=50"},"modified":"2024-08-31T20:12:45","modified_gmt":"2024-08-31T23:12:45","slug":"inicio","status":"publish","type":"page","link":"https:\/\/noveltecnica.com\/","title":{"rendered":"Inicio"},"content":{"rendered":"\n<div class=\"wp-block-columns is-layout-flex wp-container-core-columns-is-layout-1 wp-block-columns-is-layout-flex\">\n<div class=\"wp-block-column is-vertically-aligned-center is-layout-flow wp-block-column-is-layout-flow\">\n<figure class=\"wp-block-image size-full\"><img loading=\"lazy\" decoding=\"async\" width=\"512\" height=\"384\" src=\"https:\/\/noveltecnica.com\/wp-content\/uploads\/2024\/06\/logo-home.jpg\" alt=\"\" class=\"wp-image-219\" srcset=\"https:\/\/noveltecnica.com\/wp-content\/uploads\/2024\/06\/logo-home.jpg 512w, https:\/\/noveltecnica.com\/wp-content\/uploads\/2024\/06\/logo-home-300x225.jpg 300w\" sizes=\"(max-width: 512px) 100vw, 512px\" \/><\/figure>\n<\/div>\n\n\n\n<div class=\"wp-block-column is-vertically-aligned-center is-layout-flow wp-block-column-is-layout-flow\">\n<p>Nuestra empresa se dedica al desarrollo de equipos generadores de ozono, radiaci\u00f3n ultravioleta, ultra y nanofiltraci\u00f3n y \u00f3smosis inversa, aplicados en procesos de oxidaci\u00f3n avanzada, tratamiento de aguas y efluentes, desinfecci\u00f3n industrial, entre otras aplicaciones.<br><br>Para ello contamos con un equipo integrado por profesionales de la ingenier\u00eda qu\u00edmica, electr\u00f3nica e industrial con m\u00e1s de veinte a\u00f1os de experiencia.<\/p>\n<\/div>\n<\/div>\n\n\n\n<div class=\"wp-block-columns is-layout-flex wp-container-core-columns-is-layout-2 wp-block-columns-is-layout-flex\">\n<div class=\"wp-block-column is-layout-flow wp-block-column-is-layout-flow\">\n<div class=\"wp-block-group feature-card\"><div class=\"wp-block-group__inner-container is-layout-constrained wp-block-group-is-layout-constrained\"><div class=\"wp-block-image\">\n<figure class=\"aligncenter size-full is-resized\"><img decoding=\"async\" src=\"https:\/\/noveltecnica.com\/wp-content\/uploads\/2024\/06\/molecule-1.png\" alt=\"\" class=\"wp-image-191\" style=\"object-fit:cover;width:40px;height:40px\"\/><\/figure><\/div>\n\n\n<hr class=\"wp-block-separator has-alpha-channel-opacity\"\/>\n\n\n\n<p class=\"has-text-align-center\"><strong>NUESTROS EQUIPOS<\/strong><\/p>\n\n\n\n<p class=\"has-text-align-center\">Tecnolog\u00eda propia, probada y validada a nivel industrial, lo que la hace altamente confiable.<\/p>\n<\/div><\/div>\n<\/div>\n\n\n\n<div class=\"wp-block-column is-layout-flow wp-block-column-is-layout-flow\">\n<div class=\"wp-block-group feature-card\"><div class=\"wp-block-group__inner-container is-layout-constrained wp-block-group-is-layout-constrained\"><div class=\"wp-block-image\">\n<figure class=\"aligncenter size-full is-resized\"><img decoding=\"async\" src=\"https:\/\/noveltecnica.com\/wp-content\/uploads\/2024\/06\/tool.png\" alt=\"\" class=\"wp-image-188\" style=\"object-fit:cover;width:40px;height:40px\"\/><\/figure><\/div>\n\n\n<hr class=\"wp-block-separator has-alpha-channel-opacity\"\/>\n\n\n\n<p class=\"has-text-align-center\"><strong><strong>SERVICIO T\u00c9CNICO<\/strong><\/strong><\/p>\n\n\n\n<p class=\"has-text-align-center\">Brindamos un s\u00f3lido respaldo t\u00e9cnico a nuestro clientes. Adem\u00e1s del equipamiento, ofrecemos la ingenier\u00eda asociada para resolver los problemas de su industria.<\/p>\n<\/div><\/div>\n<\/div>\n<\/div>\n\n\n\n<div class=\"wp-block-columns is-layout-flex wp-container-core-columns-is-layout-3 wp-block-columns-is-layout-flex\">\n<div class=\"wp-block-column is-layout-flow wp-block-column-is-layout-flow\">\n<div class=\"wp-block-group feature-card\"><div class=\"wp-block-group__inner-container is-layout-constrained wp-block-group-is-layout-constrained\"><div class=\"wp-block-image\">\n<figure class=\"aligncenter size-full is-resized\"><img loading=\"lazy\" decoding=\"async\" width=\"256\" height=\"256\" src=\"https:\/\/noveltecnica.com\/wp-content\/uploads\/2024\/06\/award.png\" alt=\"\" class=\"wp-image-201\" style=\"object-fit:cover;width:40px;height:40px\" srcset=\"https:\/\/noveltecnica.com\/wp-content\/uploads\/2024\/06\/award.png 256w, https:\/\/noveltecnica.com\/wp-content\/uploads\/2024\/06\/award-150x150.png 150w, https:\/\/noveltecnica.com\/wp-content\/uploads\/2024\/06\/award-100x100.png 100w\" sizes=\"(max-width: 256px) 100vw, 256px\" \/><\/figure><\/div>\n\n\n<hr class=\"wp-block-separator has-alpha-channel-opacity\"\/>\n\n\n\n<p class=\"has-text-align-center\"><strong><strong>CALIDAD Y EXPERIENCIA<\/strong><\/strong><\/p>\n\n\n\n<p class=\"has-text-align-center\">Profesionales con m\u00e1s de quince a\u00f1os de experiencia en el desarrollo de aplicaciones y equipamiento.<\/p>\n<\/div><\/div>\n<\/div>\n\n\n\n<div class=\"wp-block-column is-layout-flow wp-block-column-is-layout-flow\">\n<div class=\"wp-block-group feature-card\"><div class=\"wp-block-group__inner-container is-layout-constrained wp-block-group-is-layout-constrained\"><div class=\"wp-block-image\">\n<figure class=\"aligncenter size-full is-resized\"><img loading=\"lazy\" decoding=\"async\" width=\"256\" height=\"256\" src=\"https:\/\/noveltecnica.com\/wp-content\/uploads\/2024\/06\/care-earth.png\" alt=\"\" class=\"wp-image-202\" style=\"object-fit:cover;width:40px;height:40px\" srcset=\"https:\/\/noveltecnica.com\/wp-content\/uploads\/2024\/06\/care-earth.png 256w, https:\/\/noveltecnica.com\/wp-content\/uploads\/2024\/06\/care-earth-150x150.png 150w, https:\/\/noveltecnica.com\/wp-content\/uploads\/2024\/06\/care-earth-100x100.png 100w\" sizes=\"(max-width: 256px) 100vw, 256px\" \/><\/figure><\/div>\n\n\n<hr class=\"wp-block-separator has-alpha-channel-opacity\"\/>\n\n\n\n<p class=\"has-text-align-center\"><strong><strong>ECOL\u00d3GICO<\/strong><\/strong><\/p>\n\n\n\n<p class=\"has-text-align-center\">Tecnolog\u00eda limpia, totalmente ecol\u00f3gica. Extrema eficiencia en tratamiento microbiol\u00f3gico y desinfecci\u00f3n. Disminuci\u00f3n de costos en productos sanitizantes. Ausencia total de residuos qu\u00edmicos.<\/p>\n<\/div><\/div>\n<\/div>\n<\/div>\n","protected":false},"excerpt":{"rendered":"<p>Nuestra empresa se dedica al desarrollo de equipos generadores de ozono, radiaci\u00f3n ultravioleta, ultra y nanofiltraci\u00f3n y \u00f3smosis inversa, aplicados en procesos de oxidaci\u00f3n avanzada, tratamiento de aguas y efluentes, desinfecci\u00f3n industrial, entre otras aplicaciones. Para ello contamos con un equipo integrado por profesionales de la ingenier\u00eda qu\u00edmica, electr\u00f3nica e industrial con m\u00e1s de veinte &hellip; <\/p>\n<p class=\"link-more\"><a href=\"https:\/\/noveltecnica.com\/\" class=\"more-link\">Segu\u00ed leyendo<span class=\"screen-reader-text\"> &#8220;Inicio&#8221;<\/span><\/a><\/p>\n","protected":false},"author":1,"featured_media":0,"parent":0,"menu_order":0,"comment_status":"closed","ping_status":"closed","template":"","meta":{"footnotes":""},"_links":{"self":[{"href":"https:\/\/noveltecnica.com\/index.php\/wp-json\/wp\/v2\/pages\/50"}],"collection":[{"href":"https:\/\/noveltecnica.com\/index.php\/wp-json\/wp\/v2\/pages"}],"about":[{"href":"https:\/\/noveltecnica.com\/index.php\/wp-json\/wp\/v2\/types\/page"}],"author":[{"embeddable":true,"href":"https:\/\/noveltecnica.com\/index.php\/wp-json\/wp\/v2\/users\/1"}],"replies":[{"embeddable":true,"href":"https:\/\/noveltecnica.com\/index.php\/wp-json\/wp\/v2\/comments?post=50"}],"version-history":[{"count":26,"href":"https:\/\/noveltecnica.com\/index.php\/wp-json\/wp\/v2\/pages\/50\/revisions"}],"predecessor-version":[{"id":255,"href":"https:\/\/noveltecnica.com\/index.php\/wp-json\/wp\/v2\/pages\/50\/revisions\/255"}],"wp:attachment":[{"href":"https:\/\/noveltecnica.com\/index.php\/wp-json\/wp\/v2\/media?parent=50"}],"curies":[{"name":"wp","href":"https:\/\/api.w.org\/{rel}","templated":true}]}}